{"id":107,"date":"2015-12-17T10:15:45","date_gmt":"2015-12-17T10:15:45","guid":{"rendered":"http:\/\/szabobalazspeter.hu\/?page_id=107"},"modified":"2024-03-27T10:13:01","modified_gmt":"2024-03-27T10:13:01","slug":"about-me","status":"publish","type":"page","link":"https:\/\/szabobalazspeter.hu\/en\/about-me\/","title":{"rendered":"About me"},"content":{"rendered":"<div class=\"col-lg-3 col-md-3 col-sm-3 col-xs-12\">\n<div class=\"introduce-left\">\n<div class=\"col-lg-3 col-md-3 col-sm-3 col-xs-12\">\n<div class=\"introduce-left\">\n<h2 class=\"title\">Education<\/h2>\n<p class=\"p1\"><span class=\"s1\">I had my education at the Guild School of Budapest where I had the chance to learn the basics of the craft. My mentors were Andr\u00e1s K\u00e1szonyi, Ildik\u00f3 K\u00e1szonyi, Ferenc Szab\u00f3, and Vali Szab\u00f3.<\/span><\/p>\n<p class=\"p1\"><span class=\"s1\">I deepened my professional knowledge at the London TIGI Academy where I spent a beneficial and successful year, and where I had the opportunity to work with names like \u00c1kos B\u00f3di, Nick Irwin, Richy Kandassamy, and other fantastic professionals.<\/span><\/p>\n<hr>\n<\/div>\n<\/div>\n<h2>Further activities<\/h2>\n<p class=\"p1\"><span class=\"s1\">Even during my competitive years, self-development and teaching were very important to me; I\u2019ve been working with trainees and contestants since the first years of m career. I worked as an instructor at the 13 Carehair Beauty Salon for years. My students should have no trouble making the most complicated bun or using a special colouring technique.<\/span><\/p>\n<p class=\"p1\"><span class=\"s1\">After that, as a master hairdresser, I was given the opportunity to represent Joico in Hungary. And in April 2017 I opened my very own salon, HERITAGE Hair &amp; More on Heged\u0171s Gyula Street that fulfilled an old and huge desire.<\/span><\/p>\n<p class=\"p1\"><span class=\"s1\">Since I never settled for anything less than perfect, I was constantly looking for the cosmetics with what my guests and I would be satisfied without compromise. One of my basic beliefs is that <\/span><span style=\"font-size: inherit;\">all our thoughts have creative power, <\/span><span class=\"s1\">and it worked no different in this case: I can achieve the perfect quality and well-groomed hair with <span style=\"color: #333333;\">Moroccanoil, Matrix, <\/span>M\u00fcster &amp; Dikson, Joico, and Four Reasons (which is 100% vegan) product lines.<\/span><\/p>\n<\/div>\n<\/div>\n","protected":false},"excerpt":{"rendered":"<p>Education I had my education at the Guild School of Budapest where I had the chance to learn the basics of the craft. My mentors were Andr\u00e1s K\u00e1szonyi, Ildik\u00f3 K\u00e1szonyi, Ferenc Szab\u00f3, and Vali Szab\u00f3. I deepened my professional knowledge at the London TIGI Academy where I spent a beneficial and successful year, and where I had the opportunity to&hellip;<\/p>\n","protected":false},"author":1,"featured_media":979,"parent":0,"menu_order":0,"comment_status":"closed","ping_status":"closed","template":"page-about.php","meta":{"footnotes":""},"class_list":["post-107","page","type-page","status-publish","has-post-thumbnail","hentry"],"translation":{"provider":"WPGlobus","version":"3.0.2","language":"en","enabled_languages":["hu","en"],"languages":{"hu":{"title":true,"content":true,"excerpt":false},"en":{"title":true,"content":true,"excerpt":false}}},"_links":{"self":[{"href":"https:\/\/szabobalazspeter.hu\/en\/wp-json\/wp\/v2\/pages\/107","targetHints":{"allow":["GET"]}}],"collection":[{"href":"https:\/\/szabobalazspeter.hu\/en\/wp-json\/wp\/v2\/pages"}],"about":[{"href":"https:\/\/szabobalazspeter.hu\/en\/wp-json\/wp\/v2\/types\/page"}],"author":[{"embeddable":true,"href":"https:\/\/szabobalazspeter.hu\/en\/wp-json\/wp\/v2\/users\/1"}],"replies":[{"embeddable":true,"href":"https:\/\/szabobalazspeter.hu\/en\/wp-json\/wp\/v2\/comments?post=107"}],"version-history":[{"count":27,"href":"https:\/\/szabobalazspeter.hu\/en\/wp-json\/wp\/v2\/pages\/107\/revisions"}],"predecessor-version":[{"id":985,"href":"https:\/\/szabobalazspeter.hu\/en\/wp-json\/wp\/v2\/pages\/107\/revisions\/985"}],"wp:featuredmedia":[{"embeddable":true,"href":"https:\/\/szabobalazspeter.hu\/en\/wp-json\/wp\/v2\/media\/979"}],"wp:attachment":[{"href":"https:\/\/szabobalazspeter.hu\/en\/wp-json\/wp\/v2\/media?parent=107"}],"curies":[{"name":"wp","href":"https:\/\/api.w.org\/{rel}","templated":true}]}}